{"id":538,"date":"2017-07-06T07:34:26","date_gmt":"2017-07-06T07:34:26","guid":{"rendered":"http:\/\/weingut-matheis.de\/?page_id=538"},"modified":"2020-10-16T19:27:14","modified_gmt":"2020-10-16T19:27:14","slug":"offline","status":"publish","type":"page","link":"https:\/\/weingut-matheis.de\/?page_id=538","title":{"rendered":"ONLINE SHOP"},"content":{"rendered":"<p>Sehr geehrte Kunden,<\/p>\n<p>unseren Onlineshop finden Sie unter https:\/\/weingut-matheis-shop.de\/<\/p>\n<p>Gerne k\u00f6nnen Sie auch pers\u00f6nlich Ihre Weinbestellung per Telefon aufgeben. Wir beraten Sie gerne<\/p>\n<p><a href=\"http:\/\/www.weingut-matheis.de\">Zur\u00fcck zur Homepage<\/a><\/p>\n","protected":false},"excerpt":{"rendered":"<p>Sehr geehrte Kunden, unseren Onlineshop finden Sie unter https:\/\/weingut-matheis-shop.de\/ Gerne k\u00f6nnen Sie auch pers\u00f6nlich Ihre Weinbestellung per Telefon aufgeben. Wir beraten Sie gerne Zur\u00fcck zur Homepage<\/p>\n","protected":false},"author":1,"featured_media":0,"parent":0,"menu_order":0,"comment_status":"closed","ping_status":"closed","template":"","meta":[],"_links":{"self":[{"href":"https:\/\/weingut-matheis.de\/index.php?rest_route=\/wp\/v2\/pages\/538"}],"collection":[{"href":"https:\/\/weingut-matheis.de\/index.php?rest_route=\/wp\/v2\/pages"}],"about":[{"href":"https:\/\/weingut-matheis.de\/index.php?rest_route=\/wp\/v2\/types\/page"}],"author":[{"embeddable":true,"href":"https:\/\/weingut-matheis.de\/index.php?rest_route=\/wp\/v2\/users\/1"}],"replies":[{"embeddable":true,"href":"https:\/\/weingut-matheis.de\/index.php?rest_route=%2Fwp%2Fv2%2Fcomments&post=538"}],"version-history":[{"count":5,"href":"https:\/\/weingut-matheis.de\/index.php?rest_route=\/wp\/v2\/pages\/538\/revisions"}],"predecessor-version":[{"id":632,"href":"https:\/\/weingut-matheis.de\/index.php?rest_route=\/wp\/v2\/pages\/538\/revisions\/632"}],"wp:attachment":[{"href":"https:\/\/weingut-matheis.de\/index.php?rest_route=%2Fwp%2Fv2%2Fmedia&parent=538"}],"curies":[{"name":"wp","href":"https:\/\/api.w.org\/{rel}","templated":true}]}}