{"id":247,"date":"2016-03-08T21:15:42","date_gmt":"2016-03-08T21:15:42","guid":{"rendered":"http:\/\/weingut-matheis.de\/?page_id=247"},"modified":"2016-08-26T21:23:38","modified_gmt":"2016-08-26T21:23:38","slug":"versandarten","status":"publish","type":"page","link":"https:\/\/weingut-matheis.de\/?page_id=247","title":{"rendered":"Versandarten"},"content":{"rendered":"<p><strong>Per Post<\/strong><\/p>\n<p>Der Versand erfolgt in Gebinden zu 6 und 12 Flaschen, die Versandkosten betragen 6,40 Euro\/Kiste. Die Lieferung erfolgt im Allgemeinen\u00a0 zwei bis f\u00fcnf Werktage nach Eingang der Bestellung.<\/p>\n<p><strong>Per Spedition<\/strong><\/p>\n<p>Ab einen Warenwert von \u00fcber 700 Euro, verschicken wir mit Spedition frachtfrei. Kontaktieren Sie uns hierf\u00fcr einfach im Vorraus.<\/p>\n<p><strong>Pers\u00f6nliche Lieferung<\/strong><\/p>\n<p>Klaus Matheis f\u00e4hrt in gewissen Abst\u00e4nden durch ganz Deutschland und beliefert seine Kunden pers\u00f6nlich. Falls es in unsere Tourenplanung passt, beliefern wir Sie gerne individuell und kostenfrei. Kontaktieren Sie uns hierf\u00fcr einfach im Vorraus.<\/p>\n<p>&nbsp;<\/p>\n<p>&nbsp;<\/p>\n","protected":false},"excerpt":{"rendered":"<p>Per Post Der Versand erfolgt in Gebinden zu 6 und 12 Flaschen, die Versandkosten betragen 6,40 Euro\/Kiste. Die Lieferung erfolgt im Allgemeinen\u00a0 zwei bis f\u00fcnf Werktage nach Eingang der Bestellung. Per Spedition Ab einen Warenwert von \u00fcber 700 Euro, verschicken wir mit Spedition frachtfrei. Kontaktieren Sie uns hierf\u00fcr einfach im Vorraus. Pers\u00f6nliche Lieferung Klaus Matheis [&hellip;]<\/p>\n","protected":false},"author":1,"featured_media":0,"parent":0,"menu_order":0,"comment_status":"closed","ping_status":"closed","template":"","meta":[],"_links":{"self":[{"href":"https:\/\/weingut-matheis.de\/index.php?rest_route=\/wp\/v2\/pages\/247"}],"collection":[{"href":"https:\/\/weingut-matheis.de\/index.php?rest_route=\/wp\/v2\/pages"}],"about":[{"href":"https:\/\/weingut-matheis.de\/index.php?rest_route=\/wp\/v2\/types\/page"}],"author":[{"embeddable":true,"href":"https:\/\/weingut-matheis.de\/index.php?rest_route=\/wp\/v2\/users\/1"}],"replies":[{"embeddable":true,"href":"https:\/\/weingut-matheis.de\/index.php?rest_route=%2Fwp%2Fv2%2Fcomments&post=247"}],"version-history":[{"count":13,"href":"https:\/\/weingut-matheis.de\/index.php?rest_route=\/wp\/v2\/pages\/247\/revisions"}],"predecessor-version":[{"id":482,"href":"https:\/\/weingut-matheis.de\/index.php?rest_route=\/wp\/v2\/pages\/247\/revisions\/482"}],"wp:attachment":[{"href":"https:\/\/weingut-matheis.de\/index.php?rest_route=%2Fwp%2Fv2%2Fmedia&parent=247"}],"curies":[{"name":"wp","href":"https:\/\/api.w.org\/{rel}","templated":true}]}}