{"id":19,"date":"2015-08-18T08:46:13","date_gmt":"2015-08-18T08:46:13","guid":{"rendered":"http:\/\/weingut-matheis.de\/?page_id=19"},"modified":"2017-04-04T18:18:03","modified_gmt":"2017-04-04T18:18:03","slug":"kontakt","status":"publish","type":"page","link":"https:\/\/weingut-matheis.de\/?page_id=19","title":{"rendered":"Impressum"},"content":{"rendered":"<p><strong>Weingut Matheis<\/strong><\/p>\n<p>Dipl. Ing. agr. Klaus Matheis<br \/>\nHauptstra\u00dfe 76<br \/>\n55232 Alzey-Weinheim<br \/>\nRheinhessen<br \/>\nTelefon: 06731\/41858<br \/>\nFax: 06731\/41831<\/p>\n<p>Email: <a href=\"mailto:info@weingut-matheis.de\">info@weingut-matheis.de<\/a><\/p>\n<p><strong>Registereintrag:<\/strong><\/p>\n<p>Steuernummer: 03\/111\/4008\/4<\/p>\n<p><strong>Aufsichtsbeh\u00f6rde:<\/strong><\/p>\n<p>Ministerium f\u00fcr Umwelt, Landwirtschaft, Ern\u00e4hrung, Weinbau und Forsten<br \/>\nKaiser-Friedrich-Str. 1, 55116 Mainz<\/p>\n<p>Landwirtschaftskammer Rheinland-Pfalz, Burgenlandstra\u00dfe 7, 55543 Bad Kreuznach<\/p>\n<p><strong>Eigentum der Fotos:<\/strong> Weingut Matheis<\/p>\n<p><strong>Gesetzliche Grundlage:<\/strong> <a href=\"http:\/\/www.gesetze-im-internet.de\/weing_1994\/index.html\"> Weingesetz (WeinG) <\/a><\/p>\n<p><b>Inhaltsbezogene Hinweise:<\/b><br \/>\nDie Zusammenstellung des Inhaltes unseres Internetauftrittes wurde sorgf\u00e4ltig gepr\u00fcft. Dennoch k\u00f6nnen wir keine Gew\u00e4hr f\u00fcr Schreibfehler und Irrt\u00fcmer sowie technische \u00c4nderungen \u00fcbernehmen. Alle Beitr\u00e4ge und Abbildungen sind urheberrechtlich gesch\u00fctzt. Kopien und Vervielf\u00e4ltigungen nur mit ausdr\u00fccklicher Genehmigung des Weingut Matheis gestattet.<\/p>\n","protected":false},"excerpt":{"rendered":"<p>Weingut Matheis Dipl. Ing. agr. Klaus Matheis Hauptstra\u00dfe 76 55232 Alzey-Weinheim Rheinhessen Telefon: 06731\/41858 Fax: 06731\/41831 Email: info@weingut-matheis.de Registereintrag: Steuernummer: 03\/111\/4008\/4 Aufsichtsbeh\u00f6rde: Ministerium f\u00fcr Umwelt, Landwirtschaft, Ern\u00e4hrung, Weinbau und Forsten Kaiser-Friedrich-Str. 1, 55116 Mainz Landwirtschaftskammer Rheinland-Pfalz, Burgenlandstra\u00dfe 7, 55543 Bad Kreuznach Eigentum der Fotos: Weingut Matheis Gesetzliche Grundlage: Weingesetz (WeinG) Inhaltsbezogene Hinweise: Die Zusammenstellung des [&hellip;]<\/p>\n","protected":false},"author":1,"featured_media":0,"parent":0,"menu_order":0,"comment_status":"closed","ping_status":"closed","template":"","meta":[],"_links":{"self":[{"href":"https:\/\/weingut-matheis.de\/index.php?rest_route=\/wp\/v2\/pages\/19"}],"collection":[{"href":"https:\/\/weingut-matheis.de\/index.php?rest_route=\/wp\/v2\/pages"}],"about":[{"href":"https:\/\/weingut-matheis.de\/index.php?rest_route=\/wp\/v2\/types\/page"}],"author":[{"embeddable":true,"href":"https:\/\/weingut-matheis.de\/index.php?rest_route=\/wp\/v2\/users\/1"}],"replies":[{"embeddable":true,"href":"https:\/\/weingut-matheis.de\/index.php?rest_route=%2Fwp%2Fv2%2Fcomments&post=19"}],"version-history":[{"count":39,"href":"https:\/\/weingut-matheis.de\/index.php?rest_route=\/wp\/v2\/pages\/19\/revisions"}],"predecessor-version":[{"id":518,"href":"https:\/\/weingut-matheis.de\/index.php?rest_route=\/wp\/v2\/pages\/19\/revisions\/518"}],"wp:attachment":[{"href":"https:\/\/weingut-matheis.de\/index.php?rest_route=%2Fwp%2Fv2%2Fmedia&parent=19"}],"curies":[{"name":"wp","href":"https:\/\/api.w.org\/{rel}","templated":true}]}}